{"id":86946,"date":"2021-07-21T21:06:02","date_gmt":"2021-07-21T21:06:02","guid":{"rendered":"http:\/\/electromotor.md\/?post_type=product&p=86946"},"modified":"2026-05-04T19:19:02","modified_gmt":"2026-05-04T19:19:02","slug":"banda-led-14-4-w-m-ip20-86328","status":"publish","type":"product","link":"https:\/\/electromotor.md\/ru\/produs\/banda-led-14-4-w-m-ip20-86328\/","title":{"rendered":"\u0421\u0432\u0435\u0442\u043e\u0434\u0438\u043e\u0434\u043d\u0430\u044f \u043b\u0435\u043d\u0442\u0430 14.4 \u0412\u0442\/\u041c IP20"},"content":{"rendered":"<p>Benzi LED impermeabile Elmos, adaptate pentru utilizare \u00een exterior, structuri publicitare, iluminarea fa\u021badelor magazinelor. Stratul s\u0103u exterior este acoperit cu un strat transparent de silicon care nu permite contactul cu mediul, oferind benzii un nivel de protec\u021bie IP68. Baza adeziv\u0103 este preg\u0103tit\u0103 pentru instalare pe orice tip de suprafa\u021b\u0103 cu o baz\u0103 neted\u0103. Pentru a cre\u0219te durata de via\u021b\u0103, se recomand\u0103 instalarea benzii LED pe suprafe\u021be cu un nivel ridicat de disipare a c\u0103ldurii \u2013 metal, aluminiu \u0219i alte tipuri de suprafe\u021be.<br \/>\n\t\t<\/p>","protected":false},"excerpt":{"rendered":"<p>Benzi LED impermeabile Elmos, adaptate pentru utilizare \u00een exterior, structuri publicitare, iluminarea fa\u021badelor magazinelor. Stratul s\u0103u exterior este acoperit cu<\/p>\n","protected":false},"featured_media":87213,"template":"","meta":[],"_links":{"self":[{"href":"https:\/\/electromotor.md\/ru\/wp-json\/wp\/v2\/product\/86946"}],"collection":[{"href":"https:\/\/electromotor.md\/ru\/wp-json\/wp\/v2\/product"}],"about":[{"href":"https:\/\/electromotor.md\/ru\/wp-json\/wp\/v2\/types\/product"}],"wp:featuredmedia":[{"embeddable":true,"href":"https:\/\/electromotor.md\/ru\/wp-json\/wp\/v2\/media\/87213"}],"wp:attachment":[{"href":"https:\/\/electromotor.md\/ru\/wp-json\/wp\/v2\/media?parent=86946"}],"curies":[{"name":"wp","href":"https:\/\/api.w.org\/{rel}","templated":true}]}}