{"id":2945,"date":"2019-08-06T13:41:09","date_gmt":"2019-08-06T10:41:09","guid":{"rendered":"https:\/\/emotor.creare.website\/?page_id=2945"},"modified":"2019-10-16T08:56:36","modified_gmt":"2019-10-16T05:56:36","slug":"termeni-si-conditii","status":"publish","type":"page","link":"https:\/\/electromotor.md\/ru\/termeni-si-conditii\/","title":{"rendered":"\u0422\u0435\u0440\u043c\u0438\u043d\u044b \u0438 \u0443\u0441\u043b\u043e\u0432\u0438\u044f"},"content":{"rendered":"<p>[vc_row][vc_column][vc_column_text text_larger=&#187;no&#187;]<\/p>\n<h1 class=\"page-title\"><span style=\"color: #808080;\">Termeni \u0219i condi\u021bii<\/span><\/h1>\n<p><span style=\"color: #000000;\"><strong>1. Introducere<\/strong><\/span><br \/>\n<span style=\"color: #000000;\">Pentru a beneficia din plin de avantajele ELECTROMOTOR.MD, este necesar s\u0103 te conformezi condi\u0163iilor generale de utilizare detaliate mai jos precum \u015fi ansamblului de legi aplicabile. Atunci c\u00e2nd parcurgi \u015fi utilizezi acest site, accep\u0163i implicit \u015fi necondi\u0163ionat termenii respectivi. Noi ne rezerv\u0103m dreptul de a actualiza prezentul set de reguli \u00een orice moment, f\u0103r\u0103 o notificare prealabil\u0103. Modific\u0103rile operate \u00ee\u0163i sunt opozabile din momentul public\u0103rii acestora pe site.<\/span><\/p>\n<p><span style=\"color: #000000;\"><strong>2. Drepturi de autor \u015fi conexe<\/strong><\/span><br \/>\n<span style=\"color: #000000;\">Con\u0163inutul site-ului este protejat de legisla\u0163ia Republicii Moldova, \u00een general, \u015fi de Legea nr. 139 din 02.07.2010, privind dreptul de autor \u015fi drepturile conexe, \u00een special. Prin con\u0163inut se sub\u00een\u0163elege, f\u0103r\u0103 a se limita la, orice tip de materiale publicate pe site sau p\u0103r\u0163i componente ale acestuia, inclusiv: imagini, texte, grafice, simboluri, elemente de grafic\u0103 web, scripturi, aplica\u0163ii software \u015fi alte date. Titular al dreptului de proprietate asupra site-ului este ELECTROMOTOR-SERVICE SRL, cu excep\u0163ia cazurilor c\u00e2nd materialele respective apar\u0163in unor persoane ter\u0163e.<\/span><\/p>\n<p><span style=\"color: #000000;\"><strong>3. Accesul la site<\/strong><\/span><br \/>\n<span style=\"color: #000000;\">Noi \u00ee\u0163i garant\u0103m acces limitat, \u00een interes personal, pe site-ul ELECTROMOTOR.MD. Nu ai dreptul de a reproduce par\u0163ial sau integral site-ul, de a copia, de a vinde sau de a exploata site-ul \u00een orice alt\u0103 manier\u0103, \u00een scopuri comerciale sau contrare intereselor ELECTROMOTOR-SERVICE SRL f\u0103r\u0103 acordul nostru prealabil.<\/span><\/p>\n<p><span style=\"color: #000000;\"><strong>4. Descrierea produselor<\/strong><\/span><br \/>\n<span style=\"color: #000000;\">Produsele sunt puse la dispozi\u0163ia ta \u00eentocmai dup\u0103 cum sunt prezentate de c\u0103tre produc\u0103torul lor \u015fi sunt oferite \u00een limita stocului disponibil. ELECTROMOTOR.MD nu poate garanta disponibilitatea \u00een stoc \u00een orice moment a tuturor produselor prezentate. \u00cen momentul valid\u0103rii comenzii \u00ee\u0163i vom putea comunica cu exactitate dac\u0103 un produs sau altul este sau nu disponibil \u00een stoc.<\/span><\/p>\n<p><span style=\"color: #000000;\">Imaginile sunt prezentate pe site cu titlu de exemplu iar caracteristicile produselor sunt identice cu cele puse la dispozi\u0163ia noastr\u0103 de c\u0103tre produc\u0103tori \u015fi corespundeau realit\u0103\u0163ii \u00een momentul introducerii lor \u00een baza noastr\u0103 de date. ELECTROMOTOR.MD nu poart\u0103 r\u0103spundere pentru eventualele omisiuni sau modific\u0103ri survenite. Ne rezerv\u0103m dreptul de a elimina, modifica sau ad\u0103uga parametri noi f\u0103r\u0103 o notificare prealabil\u0103.<\/span><\/p>\n<p><span style=\"color: #000000;\">De asemenea, din considerente legate de spa\u0163iu \u015fi coeren\u0163a structurii paginii, descrierile produselor pot fi incomplete, \u00eens\u0103 noi depunem efortul pentru a-\u0163i pune la dispozi\u0163ie cele mai relevante informa\u0163ii.<\/span><\/p>\n<p><span style=\"color: #000000;\"><strong>5. Pre\u0163uri<\/strong><\/span><br \/>\n<span style=\"color: #000000;\">Pre\u0163urile produselor sunt exprimate \u00een Lei moldovene\u015fti, includ TVA \u00eens\u0103 nu includ cheltuielile pentru livrare. Pre\u0163ul de achizi\u0163ie tip\u0103rit pe factur\u0103 va fi identic cu cel prezent pe site \u00een momentul achizi\u0163iei \u015fi confirmat de c\u0103tre noi \u00een momentul valid\u0103rii comenzii.<\/span><\/p>\n<p><span style=\"color: #000000;\"><strong>6. Livrare<\/strong><\/span><br \/>\n<span style=\"color: #000000;\">Livrarea se consider\u0103 efectuat\u0103 cu succes \u00een momentul semn\u0103rii de primire a documentului de transport furnizat de c\u0103tre agentul firmei de curierat. Agentul nu este autorizat de c\u0103tre noi s\u0103 permit\u0103 deschiderea coletelor \u00eenainte de semnarea de livrare, ci doar ulterior semn\u0103rii \u015fi achit\u0103rii m\u0103rfii. Nu suntem responsabili de con\u0163inutul coletelor expediate dac\u0103 nu ai aplicat semn\u0103tura de livrare.<\/span><\/p>\n<p><span style=\"color: #000000;\">Ne rezerv\u0103m dreptul de a \u00eent\u00e2rzia sau anula livrarea produselor comandate, cu o notificare prealabil\u0103, dac\u0103 livrarea nu poate fi onorat\u0103 din motive independente de voin\u0163a noastr\u0103, f\u0103r\u0103 a se limita la: incendii, explozii, inunda\u0163ii, st\u0103ri de asediu, proteste, sau alte impedimente de for\u0163\u0103 major\u0103 reglementate de legisla\u0163ia na\u0163ional\u0103.<\/span><\/p>\n<p><span style=\"color: #000000;\">\u00cen cazul \u00een care nu te g\u0103sim la adresa indicat\u0103 pentru livrare \u00een intervalul de timp stabilit \u00een prealabil, de comun acord, livrarea repetat\u0103 va fi contra plat\u0103, indiferent de valoarea produselor comandate.<\/span><\/p>\n<p><span style=\"color: #000000;\">Detalii pentru\u00a0<a style=\"color: #000000;\" href=\"https:\/\/electromotor.md\/livrare\/\">LIVRARE<\/a><\/span><\/p>\n<p><span style=\"color: #000000;\"><strong>7. Achitare<\/strong><\/span><br \/>\n<span style=\"color: #000000;\">Achitarea produselor comandate se poate efectua \u00een avans sau cel t\u00e2rziu \u00een momentul recep\u0163ion\u0103rii produselor respective.<\/span><\/p>\n<p><span style=\"color: #000000;\">Ne rezerv\u0103m dreptul ca \u00een anumite circumstan\u0163e s\u0103 solicit\u0103m plata produselor \u00een avans, prin intermediul ordinului de plat\u0103. Dac\u0103 suma achitat\u0103 \u00een avans este mai mic\u0103 dec\u00e2t valoarea produselor comandat\u0103, va trebui s\u0103 achi\u0163i diferen\u0163a \u00een numerar \u00een momentul recep\u0163ion\u0103rii comenzii. Livrarea produselor se efectueaz\u0103 dup\u0103 confirmarea pl\u0103\u0163ii.<\/span><\/p>\n<p><span style=\"color: #000000;\">Detalii pentru\u00a0<a style=\"color: #000000;\" href=\"https:\/\/electromotor.md\/achitare\/\">ACHITARE<\/a><\/span><\/p>\n<p><span style=\"color: #000000;\"><strong>8. R\u0103spundere<\/strong><\/span><br \/>\n<span style=\"color: #000000;\">ELECTROMOTOR.MD nu poate fi responsabil pentru daune de orice fel pe care tu sau o ter\u0163\u0103 parte le po\u0163i suferi ca rezultat al \u00eendeplinirii de c\u0103tre noi a oric\u0103rei obliga\u0163iuni conform comenzii \u015fi pentru daune care pot rezulta din utilizarea produselor dup\u0103 livrare \u015fi \u00een special pentru pierderea acestora.<\/span><\/p>\n<p><span style=\"color: #000000;\"><strong>9. Litigii \u015fi dispozi\u0163ii finale<\/strong><\/span><br \/>\n<span style=\"color: #000000;\">Orice alt\u0103 problem\u0103 ap\u0103rut\u0103 \u00een momentul cump\u0103r\u0103rii, achit\u0103rii, sau livr\u0103rii produselor achizi\u0163ionate prin intermediul ELECTROMOTOR.MD \u015fi care nu este reglementat\u0103 de niciun articol din prezentul document, se va solu\u0163iona pe cale amiabil\u0103, \u00een termen de treizeci zile lucr\u0103toare de la data sesiz\u0103rii \u00een scris a problemei.<\/span><\/p>\n<p><span style=\"color: #000000;\">\u00cen cazul \u00een care nu se reu\u015fe\u015fte solu\u0163ionarea amiabil\u0103 a litigiului, competen\u0163a revine instan\u0163elor na\u0163ionale de judecat\u0103.<\/span><\/p>\n<p><span style=\"color: #000000;\">Continuarea utiliz\u0103rii acestui site presupune acceptarea implicit\u0103 \u015fi necondi\u0163ionat\u0103 a termenilor respectivi.<\/span><\/p>\n<p><span style=\"color: #000000;\"><strong>10. Prelucrarea datelor cu caracter personal<\/strong><\/span><br \/>\n<span style=\"color: #000000;\">Utiliz\u00e2nd site-ul ELECTROMOTOR.MD confirma\u021bi faptul c\u0103 sunte\u021bi de acord \u0219i v\u0103 exprima\u021bi consim\u021b\u0103m\u00e2ntul la prelucrarea datelor cu caracter personal, care sunt oferite de c\u0103tre DVS, pentru informare, procurarea produselor \u0219i a serviciilor prestate de c\u0103tre \u201cELECTROMOTOR-SERVICE SRL\u201d, prin intermediul ELECTROMOTOR.MD .<\/span>[\/vc_column_text][\/vc_column][\/vc_row]<\/p>\n","protected":false},"excerpt":{"rendered":"<p>[vc_row][vc_column][vc_column_text text_larger=&#187;no&#187;] Termeni \u0219i condi\u021bii 1. Introducere Pentru a beneficia din plin de avantajele ELECTROMOTOR.MD, este necesar s\u0103 te conformezi<\/p>\n","protected":false},"author":2,"featured_media":0,"parent":0,"menu_order":0,"comment_status":"closed","ping_status":"closed","template":"","meta":[],"_links":{"self":[{"href":"https:\/\/electromotor.md\/ru\/wp-json\/wp\/v2\/pages\/2945"}],"collection":[{"href":"https:\/\/electromotor.md\/ru\/wp-json\/wp\/v2\/pages"}],"about":[{"href":"https:\/\/electromotor.md\/ru\/wp-json\/wp\/v2\/types\/page"}],"author":[{"embeddable":true,"href":"https:\/\/electromotor.md\/ru\/wp-json\/wp\/v2\/users\/2"}],"replies":[{"embeddable":true,"href":"https:\/\/electromotor.md\/ru\/wp-json\/wp\/v2\/comments?post=2945"}],"version-history":[{"count":0,"href":"https:\/\/electromotor.md\/ru\/wp-json\/wp\/v2\/pages\/2945\/revisions"}],"wp:attachment":[{"href":"https:\/\/electromotor.md\/ru\/wp-json\/wp\/v2\/media?parent=2945"}],"curies":[{"name":"wp","href":"https:\/\/api.w.org\/{rel}","templated":true}]}}