{"id":26549,"date":"2020-02-19T17:28:08","date_gmt":"2020-02-19T14:28:08","guid":{"rendered":"https:\/\/electromotor.md\/?page_id=26549"},"modified":"2020-02-24T12:41:50","modified_gmt":"2020-02-24T09:41:50","slug":"posturi-vacante","status":"publish","type":"page","link":"https:\/\/electromotor.md\/ru\/posturi-vacante\/","title":{"rendered":"\u0412\u0430\u043a\u0430\u043d\u0441\u0438\u0438"},"content":{"rendered":"<p>[vc_row content_placement=&#187;top&#187; css=&#187;.vc_custom_1492007736316{margin-top: 5vh !important;margin-bottom: 5vh !important;}&#187;][vc_column width=&#187;1\/2&#8243;]\t\t\n\t\t<div id=\"wd-5e4fc6a48b7d7\" class=\"title-wrapper  woodmart-title-color-primary woodmart-title-style-bordered woodmart-title-width-100 text-center woodmart-title-size-default vc_custom_1582286510841\">\n\t\t\t\t\t\t\n\t\t\t<div class=\"liner-continer\">\n\t\t\t\t<span class=\"left-line\"><\/span>\n\t\t\t\t<h4 class=\"woodmart-title-container title  woodmart-font-weight-\" >Contabil-\u015eef<\/h4>\t\t\t\t\t\t\t\t<span class=\"right-line\"><\/span>\n\t\t\t<\/div>\n\t\t\t\n\t\t\t\t\t\t\n\t\t\t\t\t<\/div>\n\t\t\n\t\t<div id=\"wd-5e4fd18f6059a\" class=\"woodmart-button-wrapper text-center\"><a href=\"#popup-post1-id\" title=\"\" class=\"btn btn-color-primary btn-style-3d btn-shape-semi-round btn-size-default woodmart-open-popup popup-post1-class\">DETALII<\/a><\/div><div id=\"popup-post1-id\" class=\"mfp-with-anim woodmart-content-popup mfp-hide\" style=\"max-width:900px;\"><div class=\"woodmart-popup-inner\">[vc_row_inner equal_height=&#187;yes&#187;][vc_column_inner css=&#187;.vc_custom_1484144412172{padding-right: 30px !important;}&#187;]\t\t\n\t\t<div id=\"wd-5e4fc6aeb085b\" class=\"title-wrapper  woodmart-title-color-default woodmart-title-style-default woodmart-title-width-100 text-center woodmart-title-size-default \">\n\t\t\t\t\t\t\n\t\t\t<div class=\"liner-continer\">\n\t\t\t\t<span class=\"left-line\"><\/span>\n\t\t\t\t<h4 class=\"woodmart-title-container title  woodmart-font-weight-\" >Contabil-\u015eef<\/h4>\t\t\t\t\t\t\t\t<span class=\"right-line\"><\/span>\n\t\t\t<\/div>\n\t\t\t\n\t\t\t\t\t\t\n\t\t\t\t\t<\/div>\n\t\t\n\t\t[vc_column_text css=&#187;.vc_custom_1582286940150{margin-bottom: 15px !important;}&#187; text_larger=&#187;no&#187;]<span style=\"color: #000000;\">Cerin\u021be:<\/span><br \/>\n<span style=\"color: #000000;\">\u2013 studii superioare de profil (contabilitate, economie, finan\u021be);<\/span><br \/>\n<span style=\"color: #000000;\">\u2013 cunoa\u0219terea legisla\u021biei contabile, a documenta\u021biei financiare normative;<\/span><br \/>\n<span style=\"color: #000000;\">\u2013 cunoa\u0219terea limbilor rus\u0103 \u0219i rom\u00e2n\u0103;<\/span><br \/>\n<span style=\"color: #000000;\">\u2013 cunoasterea programului 1C.<\/span><br \/>\n<span style=\"color: #000000;\">Responsabilit\u0103\u021bi:<\/span><br \/>\n<span style=\"color: #000000;\">\u2013 \u021binerea documenta\u021biei primare (de intrare, de ie\u0219ire, etc.);<\/span><br \/>\n<span style=\"color: #000000;\">\u2013 decont\u0103ri reciproce cu clien\u021bii (urm\u0103rirea datoriei debitoare);<\/span><br \/>\n<span style=\"color: #000000;\">\u2013 atitudine responsabil\u0103 fa\u0163\u0103 de locul de munc\u0103;<\/span><br \/>\n<span style=\"color: #000000;\">\u2013 lucrul cu cadrele;<\/span><br \/>\n<span style=\"color: #000000;\">Oferim:<\/span><br \/>\n<span style=\"color: #000000;\">\u2013 salariu atractiv la timp;<\/span><br \/>\n<span style=\"color: #000000;\">\u2013 pachet social complet;<\/span><br \/>\n<span style=\"color: #000000;\">\u2013 Colectiv prietenos;<\/span><\/p>\n<p style=\"text-align: center;\"><span style=\"color: #000000;\"><strong>Candida\u021bii care corespund cerin\u021belor, sunt ruga\u021bi s\u0103 expedieze CV-ul la:<\/strong><\/span><br \/>\n<span style=\"color: #000000;\"><strong>e-mail:\u00a0<\/strong><span style=\"color: #0000ff;\"><a style=\"color: #0000ff;\" href=\"mailto:tehnic@electromotor.md\"><strong>tehnic@electromotor.md<\/strong><\/a><\/span><strong><span style=\"color: #0000ff;\">\u00a0\u00a0\u00a0 \u00a0<\/span> \u00a0 \u00a0 \u00a0<\/strong><\/span><br \/>\n<span style=\"color: #000000;\"><strong>tel:\u00a0<span style=\"color: #0000ff;\"><a style=\"color: #0000ff;\" href=\"tel:079441768\">079 441768<\/a><\/span><\/strong><\/span><br \/>\n<span style=\"color: #000000;\"><strong>V\u0103 rug\u0103m s\u0103 indica\u021bi postul pentru care opta\u021bi.<\/strong><\/span><\/p>\n<p>[\/vc_column_text][\/vc_column_inner][\/vc_row_inner]<\/div><\/div>[\/vc_column][vc_column width=&#187;1\/2&#8243; css=&#187;.vc_custom_1489065426716{margin-bottom: 20px !important;}&#187;]\t\t\n\t\t<div id=\"wd-5e4fc6ef26ceb\" class=\"title-wrapper  woodmart-title-color-primary woodmart-title-style-bordered woodmart-title-width-100 text-center woodmart-title-size-default vc_custom_1582286602527\">\n\t\t\t\t\t\t\n\t\t\t<div class=\"liner-continer\">\n\t\t\t\t<span class=\"left-line\"><\/span>\n\t\t\t\t<h4 class=\"woodmart-title-container title  woodmart-font-weight-\" >Inginer repara\u021bii aparate electronice<\/h4>\t\t\t\t\t\t\t\t<span class=\"right-line\"><\/span>\n\t\t\t<\/div>\n\t\t\t\n\t\t\t\t\t\t\n\t\t\t\t\t<\/div>\n\t\t\n\t\t<div id=\"wd-5e4fd1be1ea07\" class=\"woodmart-button-wrapper text-center\"><a href=\"#popup-post2-id\" title=\"\" class=\"btn btn-color-primary btn-style-3d btn-shape-semi-round btn-size-default woodmart-open-popup popup-post2-class\">DETALII<\/a><\/div><div id=\"popup-post2-id\" class=\"mfp-with-anim woodmart-content-popup mfp-hide\" style=\"max-width:900px;\"><div class=\"woodmart-popup-inner\">[vc_row_inner equal_height=&#187;yes&#187;][vc_column_inner css=&#187;.vc_custom_1484144412172{padding-right: 30px !important;}&#187;]\t\t\n\t\t<div id=\"wd-5e4fc7136f631\" class=\"title-wrapper  woodmart-title-color-default woodmart-title-style-default woodmart-title-width-100 text-center woodmart-title-size-default \">\n\t\t\t\t\t\t\n\t\t\t<div class=\"liner-continer\">\n\t\t\t\t<span class=\"left-line\"><\/span>\n\t\t\t\t<h4 class=\"woodmart-title-container title  woodmart-font-weight-\" >Inginer repara\u021bii aparate electronice<\/h4>\t\t\t\t\t\t\t\t<span class=\"right-line\"><\/span>\n\t\t\t<\/div>\n\t\t\t\n\t\t\t\t\t\t\n\t\t\t\t\t<\/div>\n\t\t\n\t\t[vc_column_text text_larger=&#187;no&#187;]<span style=\"color: #000000;\">Cerin\u021be:<\/span><br \/>\n<span style=\"color: #000000;\">\u2013 studii medii de specialitate;<\/span><br \/>\n<span style=\"color: #000000;\">\u2013 stagiul de munc\u0103: 3-5 ani<\/span><br \/>\n<span style=\"color: #000000;\">Oferim:<\/span><br \/>\n<span style=\"color: #000000;\">\u2013 grafic liber<\/span><br \/>\n<span style=\"color: #000000;\">\u2013 salariu atractiv la timp;<\/span><br \/>\n<span style=\"color: #000000;\">\u2013 pachet social complet;<\/span><br \/>\n<span style=\"color: #000000;\">\u2013 colectiv prietenos;<\/span><\/p>\n<p style=\"text-align: center;\"><span style=\"color: #000000;\"><strong>Candida\u021bii care corespund cerin\u021belor, sunt ruga\u021bi s\u0103 expedieze CV-ul la:<\/strong><\/span><br \/>\n<span style=\"color: #000000;\"><strong>e-mail:\u00a0<\/strong><span style=\"color: #0000ff;\"><a style=\"color: #0000ff;\" href=\"mailto:tehnic@electromotor.md\"><strong>tehnic@electromotor.md<\/strong><\/a><\/span><strong><span style=\"color: #0000ff;\">\u00a0\u00a0\u00a0<\/span>\u00a0\u00a0 \u00a0 \u00a0 \u00a0<\/strong><\/span><br \/>\n<span style=\"color: #000000;\"><strong>tel:\u00a0<span style=\"color: #0000ff;\"><a style=\"color: #0000ff;\" href=\"tel:079441768\">079 441768<\/a><\/span><\/strong><\/span><br \/>\n<span style=\"color: #000000;\"><strong>V\u0103 rug\u0103m s\u0103 indica\u021bi postul pentru care opta\u021bi.<\/strong><\/span><\/p>\n<p>[\/vc_column_text][\/vc_column_inner][\/vc_row_inner]<\/div><\/div>[\/vc_column][\/vc_row][vc_row content_placement=&#187;top&#187; css=&#187;.vc_custom_1492007736316{margin-top: 5vh !important;margin-bottom: 5vh !important;}&#187;][vc_column width=&#187;1\/2&#8243;]\t\t\n\t\t<div id=\"wd-5e4fc75075d73\" class=\"title-wrapper  woodmart-title-color-primary woodmart-title-style-bordered woodmart-title-width-100 text-center woodmart-title-size-default vc_custom_1582286681786\">\n\t\t\t\t\t\t\n\t\t\t<div class=\"liner-continer\">\n\t\t\t\t<span class=\"left-line\"><\/span>\n\t\t\t\t<h4 class=\"woodmart-title-container title  woodmart-font-weight-\" >Contabil-Casier<\/h4>\t\t\t\t\t\t\t\t<span class=\"right-line\"><\/span>\n\t\t\t<\/div>\n\t\t\t\n\t\t\t\t\t\t\n\t\t\t\t\t<\/div>\n\t\t\n\t\t<div id=\"wd-5e4fd1d98c611\" class=\"woodmart-button-wrapper text-center\"><a href=\"#popup-post3-id\" title=\"\" class=\"btn btn-color-primary btn-style-3d btn-shape-semi-round btn-size-default woodmart-open-popup popup-post3-class\">DETALII<\/a><\/div><div id=\"popup-post3-id\" class=\"mfp-with-anim woodmart-content-popup mfp-hide\" style=\"max-width:900px;\"><div class=\"woodmart-popup-inner\">[vc_row_inner equal_height=&#187;yes&#187;][vc_column_inner css=&#187;.vc_custom_1484144412172{padding-right: 30px !important;}&#187;]\t\t\n\t\t<div id=\"wd-5e4fc7597c275\" class=\"title-wrapper  woodmart-title-color-default woodmart-title-style-default woodmart-title-width-100 text-center woodmart-title-size-default \">\n\t\t\t\t\t\t\n\t\t\t<div class=\"liner-continer\">\n\t\t\t\t<span class=\"left-line\"><\/span>\n\t\t\t\t<h4 class=\"woodmart-title-container title  woodmart-font-weight-\" >Contabil-Casier<\/h4>\t\t\t\t\t\t\t\t<span class=\"right-line\"><\/span>\n\t\t\t<\/div>\n\t\t\t\n\t\t\t\t\t\t\n\t\t\t\t\t<\/div>\n\t\t\n\t\t[vc_column_text text_larger=&#187;no&#187;]<span style=\"color: #000000;\">Cerin\u021be:<\/span><br \/>\n<span style=\"color: #000000;\">\u2013 studii superioare de profil (contabilitate, economie, finan\u021be);<\/span><br \/>\n<span style=\"color: #000000;\">\u2013 cunoa\u0219terea legisla\u021biei contabile, a documenta\u021biei financiare normative;<\/span><br \/>\n<span style=\"color: #000000;\">\u2013 cunoa\u0219terea limbilor rus\u0103 \u0219i rom\u00e2n\u0103;<\/span><br \/>\n<span style=\"color: #000000;\">\u2013 cunoasterea programului 1C.<\/span><br \/>\n<span style=\"color: #000000;\">Responsabilit\u0103\u021bi:<\/span><br \/>\n<span style=\"color: #000000;\">\u2013 \u021binerea documenta\u021biei primare (de intrare, de ie\u0219ire, etc.);<\/span><br \/>\n<span style=\"color: #000000;\">\u2013 decont\u0103ri reciproce cu clien\u021bii (urm\u0103rirea datoriei debitoare);<\/span><br \/>\n<span style=\"color: #000000;\">\u2013 atitudine responsabil\u0103 fa\u0163\u0103 de locul de munc\u0103;<\/span><br \/>\n<span style=\"color: #000000;\">\u2013 lucrul cu cadrele;<\/span><br \/>\n<span style=\"color: #000000;\">Oferim:<\/span><br \/>\n<span style=\"color: #000000;\">\u2013 salariu atractiv la timp;<\/span><br \/>\n<span style=\"color: #000000;\">\u2013 pachet social complet;<\/span><br \/>\n<span style=\"color: #000000;\">\u2013 Colectiv prietenos;<\/span><\/p>\n<p style=\"text-align: center;\"><span style=\"color: #000000;\"><strong>Candida\u021bii care corespund cerin\u021belor, sunt ruga\u021bi s\u0103 expedieze CV-ul la:<\/strong><\/span><br \/>\n<span style=\"color: #000000;\"><strong>e-mail:\u00a0<\/strong><span style=\"color: #0000ff;\"><a style=\"color: #0000ff;\" href=\"mailto:tehnic@electromotor.md\"><strong>tehnic@electromotor.md<\/strong><\/a><\/span><strong><span style=\"color: #0000ff;\">\u00a0\u00a0\u00a0<\/span> \u00a0 \u00a0 \u00a0 \u00a0<\/strong><\/span><br \/>\n<span style=\"color: #000000;\"><strong>tel:<span style=\"color: #0000ff;\">\u00a0<a style=\"color: #0000ff;\" href=\"tel:079441768\">079 441768<\/a><\/span><\/strong><\/span><br \/>\n<span style=\"color: #000000;\"><strong>V\u0103 rug\u0103m s\u0103 indica\u021bi postul pentru care opta\u021bi.<\/strong><\/span><\/p>\n<p>[\/vc_column_text][\/vc_column_inner][\/vc_row_inner]<\/div><\/div>[\/vc_column][vc_column width=&#187;1\/2&#8243; css=&#187;.vc_custom_1489065426716{margin-bottom: 20px !important;}&#187;]\t\t\n\t\t<div id=\"wd-5e4fc78c8e32b\" class=\"title-wrapper  woodmart-title-color-primary woodmart-title-style-bordered woodmart-title-width-100 text-center woodmart-title-size-default vc_custom_1582286741394\">\n\t\t\t\t\t\t\n\t\t\t<div class=\"liner-continer\">\n\t\t\t\t<span class=\"left-line\"><\/span>\n\t\t\t\t<h4 class=\"woodmart-title-container title  woodmart-font-weight-\" >Contabil<\/h4>\t\t\t\t\t\t\t\t<span class=\"right-line\"><\/span>\n\t\t\t<\/div>\n\t\t\t\n\t\t\t\t\t\t\n\t\t\t\t\t<\/div>\n\t\t\n\t\t<div id=\"wd-5e4fd1df42a10\" class=\"woodmart-button-wrapper text-center\"><a href=\"#popup-post4-id\" title=\"\" class=\"btn btn-color-primary btn-style-3d btn-shape-semi-round btn-size-default woodmart-open-popup popup-post4-class\">DETALII<\/a><\/div><div id=\"popup-post4-id\" class=\"mfp-with-anim woodmart-content-popup mfp-hide\" style=\"max-width:900px;\"><div class=\"woodmart-popup-inner\">[vc_row_inner equal_height=&#187;yes&#187;][vc_column_inner css=&#187;.vc_custom_1484144412172{padding-right: 30px !important;}&#187;]\t\t\n\t\t<div id=\"wd-5e4fc7953b425\" class=\"title-wrapper  woodmart-title-color-default woodmart-title-style-default woodmart-title-width-100 text-center woodmart-title-size-default \">\n\t\t\t\t\t\t\n\t\t\t<div class=\"liner-continer\">\n\t\t\t\t<span class=\"left-line\"><\/span>\n\t\t\t\t<h4 class=\"woodmart-title-container title  woodmart-font-weight-\" >Contabil<\/h4>\t\t\t\t\t\t\t\t<span class=\"right-line\"><\/span>\n\t\t\t<\/div>\n\t\t\t\n\t\t\t\t\t\t\n\t\t\t\t\t<\/div>\n\t\t\n\t\t[vc_column_text text_larger=&#187;no&#187;]<\/p>\n<p style=\"text-align: left;\"><span style=\"color: #000000;\">Cerin\u021be:<\/span><br \/>\n<span style=\"color: #000000;\">\u2013 studii medii de specialitate;<\/span><br \/>\n<span style=\"color: #000000;\">\u2013 stagiul de munc\u0103: 3-5 ani<\/span><br \/>\n<span style=\"color: #000000;\">Oferim:<\/span><br \/>\n<span style=\"color: #000000;\">\u2013 grafic liber<\/span><br \/>\n<span style=\"color: #000000;\">\u2013 salariu atractiv la timp;<\/span><br \/>\n<span style=\"color: #000000;\">\u2013 pachet social complet;<\/span><br \/>\n<span style=\"color: #000000;\">\u2013 colectiv prietenos;<\/span><\/p>\n<p style=\"text-align: center;\"><span style=\"color: #000000;\"><strong>Candida\u021bii care corespund cerin\u021belor, sunt ruga\u021bi s\u0103 expedieze CV-ul la:<\/strong><\/span><br \/>\n<span style=\"color: #000000;\"><strong>e-mail:<span style=\"color: #0000ff;\">\u00a0<\/span><\/strong><span style=\"color: #0000ff;\"><a style=\"color: #0000ff;\" href=\"mailto:tehnic@electromotor.md\"><strong>tehnic@electromotor.md<\/strong><\/a><\/span><strong>\u00a0\u00a0\u00a0\u00a0\u00a0 \u00a0 \u00a0 \u00a0<\/strong><\/span><br \/>\n<span style=\"color: #000000;\"><strong>tel:\u00a0<span style=\"color: #0000ff;\"><a style=\"color: #0000ff;\" href=\"tel:079441768\">079 441768<\/a><\/span><\/strong><\/span><br \/>\n<span style=\"color: #000000;\"><strong>V\u0103 rug\u0103m s\u0103 indica\u021bi postul pentru care opta\u021bi.<\/strong><\/span><\/p>\n<p>[\/vc_column_text][\/vc_column_inner][\/vc_row_inner]<\/div><\/div>[\/vc_column][\/vc_row][vc_row content_placement=&#187;top&#187; css=&#187;.vc_custom_1492007736316{margin-top: 5vh !important;margin-bottom: 5vh !important;}&#187;][vc_column width=&#187;1\/2&#8243;]\t\t\n\t\t<div id=\"wd-5e4fd0b773f7d\" class=\"title-wrapper  woodmart-title-color-primary woodmart-title-style-bordered woodmart-title-width-100 text-center woodmart-title-size-default vc_custom_1582289085046\">\n\t\t\t\t\t\t\n\t\t\t<div class=\"liner-continer\">\n\t\t\t\t<span class=\"left-line\"><\/span>\n\t\t\t\t<h4 class=\"woodmart-title-container title  woodmart-font-weight-\" >Manager repara\u0163ii utilaje \u015fi aparate electrice<\/h4>\t\t\t\t\t\t\t\t<span class=\"right-line\"><\/span>\n\t\t\t<\/div>\n\t\t\t\n\t\t\t\t\t\t\n\t\t\t\t\t<\/div>\n\t\t\n\t\t<div id=\"wd-5e4fd1f15c142\" class=\"woodmart-button-wrapper text-center\"><a href=\"#popup-post5-id\" title=\"\" class=\"btn btn-color-primary btn-style-3d btn-shape-semi-round btn-size-default woodmart-open-popup popup-post5-class\">DETALII<\/a><\/div><div id=\"popup-post5-id\" class=\"mfp-with-anim woodmart-content-popup mfp-hide\" style=\"max-width:900px;\"><div class=\"woodmart-popup-inner\">[vc_row_inner equal_height=&#187;yes&#187;][vc_column_inner css=&#187;.vc_custom_1484144412172{padding-right: 30px !important;}&#187;]\t\t\n\t\t<div id=\"wd-5e4fd0b17ec12\" class=\"title-wrapper  woodmart-title-color-default woodmart-title-style-default woodmart-title-width-100 text-center woodmart-title-size-default \">\n\t\t\t\t\t\t\n\t\t\t<div class=\"liner-continer\">\n\t\t\t\t<span class=\"left-line\"><\/span>\n\t\t\t\t<h4 class=\"woodmart-title-container title  woodmart-font-weight-\" >Manager repara\u0163ii utilaje \u015fi aparate electrice<\/h4>\t\t\t\t\t\t\t\t<span class=\"right-line\"><\/span>\n\t\t\t<\/div>\n\t\t\t\n\t\t\t\t\t\t\n\t\t\t\t\t<\/div>\n\t\t\n\t\t[vc_column_text text_larger=&#187;no&#187;]<span style=\"color: #000000;\">Descrierea postului: <\/span><br \/>\n<span style=\"color: #000000;\">&#8212; Analiza si depistarea defectiunii utilajului electric ; <\/span><br \/>\n<span style=\"color: #000000;\">&#8212; Men\u0163inerea relatiei cu clientii; <\/span><br \/>\n<span style=\"color: #000000;\">Cerinte: <\/span><br \/>\n<span style=\"color: #000000;\">&#8212; Studii superioare finalizate (studii electrotehnice constitue un avantaj); <\/span><br \/>\n<span style=\"color: #000000;\">&#8212; Obligatoriu cunoasterea limbei rom\u00e2ne \u015fi a limbii ruse ; <\/span><br \/>\n<span style=\"color: #000000;\">&#8212; Aptitudini generale foarte bune (memoria, spirit de observatie, aten\u0163ie, \u00een special la detalii), personalitate energica, g\u00eendire pozitiv\u0103;<\/span><br \/>\n<span style=\"color: #000000;\">&#8212; Cunoa\u015fterea buna a programei Microsoft Office ;<\/span><br \/>\n<span style=\"color: #000000;\">Oferim:<\/span><br \/>\n<span style=\"color: #000000;\">&#8212; Pachet salarial avantajos, bonusuri \u00een func\u0163ie de performan\u0163a;<\/span><br \/>\n<span style=\"color: #000000;\">&#8212; Bonuri de mas\u0103; <\/span><br \/>\n<span style=\"color: #000000;\">&#8212; Benificia\u0163i de tot pachetul social.<\/span><\/p>\n<p style=\"text-align: center;\"><span style=\"color: #000000;\"><strong>Candida\u021bii care corespund cerin\u021belor, sunt ruga\u021bi s\u0103 expedieze CV-ul la:<\/strong><\/span><br \/>\n<span style=\"color: #000000;\"><strong>e-mail:\u00a0<\/strong><span style=\"color: #0000ff;\"><a style=\"color: #0000ff;\" href=\"mailto:tehnic@electromotor.md\"><strong>tehnic@electromotor.md<\/strong><\/a><\/span><strong><span style=\"color: #0000ff;\">\u00a0<\/span>\u00a0\u00a0 \u00a0 \u00a0 \u00a0 \u00a0<\/strong><\/span><br \/>\n<span style=\"color: #000000;\"><strong>tel:\u00a0<span style=\"color: #0000ff;\"><a style=\"color: #0000ff;\" href=\"tel:079441768\">079 441768<\/a><\/span><\/strong><\/span><br \/>\n<span style=\"color: #000000;\"><strong>V\u0103 rug\u0103m s\u0103 indica\u021bi postul pentru care opta\u021bi.<\/strong><\/span><\/p>\n<p>[\/vc_column_text][\/vc_column_inner][\/vc_row_inner]<\/div><\/div>[\/vc_column][vc_column width=&#187;1\/2&#8243; css=&#187;.vc_custom_1489065426716{margin-bottom: 20px !important;}&#187;]\t\t\n\t\t<div id=\"wd-5e4fd28a50ba3\" class=\"title-wrapper  woodmart-title-color-primary woodmart-title-style-bordered woodmart-title-width-100 text-center woodmart-title-size-default vc_custom_1582289551425\">\n\t\t\t\t\t\t\n\t\t\t<div class=\"liner-continer\">\n\t\t\t\t<span class=\"left-line\"><\/span>\n\t\t\t\t<h4 class=\"woodmart-title-container title  woodmart-font-weight-\" >\u00cen cur\u00e2nd<\/h4>\t\t\t\t\t\t\t\t<span class=\"right-line\"><\/span>\n\t\t\t<\/div>\n\t\t\t\n\t\t\t\t\t\t\n\t\t\t\t\t<\/div>\n\t\t\n\t\t<div id=\"wd-5e4fd1ff3d150\" class=\"woodmart-button-wrapper text-center\"><a href=\"#popup-post6-id\" title=\"\" class=\"btn btn-color-primary btn-style-3d btn-shape-semi-round btn-size-default woodmart-open-popup popup-post6-class\">DETALII<\/a><\/div><div id=\"popup-post6-id\" class=\"mfp-with-anim woodmart-content-popup mfp-hide\" style=\"max-width:900px;\"><div class=\"woodmart-popup-inner\">[vc_row_inner equal_height=&#187;yes&#187;][vc_column_inner css=&#187;.vc_custom_1484144412172{padding-right: 30px !important;}&#187;]\t\t\n\t\t<div id=\"wd-5e4fd28f2d365\" class=\"title-wrapper  woodmart-title-color-default woodmart-title-style-default woodmart-title-width-100 text-center woodmart-title-size-default \">\n\t\t\t\t\t\t\n\t\t\t<div class=\"liner-continer\">\n\t\t\t\t<span class=\"left-line\"><\/span>\n\t\t\t\t<h4 class=\"woodmart-title-container title  woodmart-font-weight-\" >\u00cen cur\u00e2nd<\/h4>\t\t\t\t\t\t\t\t<span class=\"right-line\"><\/span>\n\t\t\t<\/div>\n\t\t\t\n\t\t\t\t\t\t\n\t\t\t\t\t<\/div>\n\t\t\n\t\t[vc_column_text text_larger=&#187;no&#187;]<\/p>\n<p style=\"text-align: center;\"><span style=\"color: #000000;\"><strong>Candida\u021bii care corespund cerin\u021belor, sunt ruga\u021bi s\u0103 expedieze CV-ul la:<\/strong><\/span><br \/>\n<span style=\"color: #000000;\"><strong>e-mail:<span style=\"color: #0000ff;\">\u00a0<\/span><\/strong><span style=\"color: #0000ff;\"><a style=\"color: #0000ff;\" href=\"mailto:tehnic@electromotor.md\"><strong>tehnic@electromotor.md<\/strong><\/a><\/span><strong>\u00a0\u00a0\u00a0\u00a0\u00a0 \u00a0 \u00a0 \u00a0<\/strong><\/span><br \/>\n<span style=\"color: #000000;\"><strong>tel:\u00a0<span style=\"color: #0000ff;\"><a style=\"color: #0000ff;\" href=\"tel:079441768\">079 441768<\/a><\/span><\/strong><\/span><br \/>\n<span style=\"color: #000000;\"><strong>V\u0103 rug\u0103m s\u0103 indica\u021bi postul pentru care opta\u021bi.<\/strong><\/span><\/p>\n<p>[\/vc_column_text][\/vc_column_inner][\/vc_row_inner]<\/div><\/div>[\/vc_column][\/vc_row]<\/p>","protected":false},"excerpt":{"rendered":"<p>[vc_row content_placement=&#187;top&#187; css=&#187;.vc_custom_1492007736316{margin-top: 5vh !important;margin-bottom: 5vh !important;}&#187;][vc_column width=&#187;1\/2&#8243;][\/vc_column][vc_column width=&#187;1\/2&#8243; css=&#187;.vc_custom_1489065426716{margin-bottom: 20px !important;}&#187;][\/vc_column][\/vc_row][vc_row content_placement=&#187;top&#187; css=&#187;.vc_custom_1492007736316{margin-top: 5vh !important;margin-bottom: 5vh !important;}&#187;][vc_column width=&#187;1\/2&#8243;][\/vc_column][vc_column width=&#187;1\/2&#8243;<\/p>\n","protected":false},"author":4,"featured_media":0,"parent":0,"menu_order":0,"comment_status":"closed","ping_status":"closed","template":"","meta":[],"_links":{"self":[{"href":"https:\/\/electromotor.md\/ru\/wp-json\/wp\/v2\/pages\/26549"}],"collection":[{"href":"https:\/\/electromotor.md\/ru\/wp-json\/wp\/v2\/pages"}],"about":[{"href":"https:\/\/electromotor.md\/ru\/wp-json\/wp\/v2\/types\/page"}],"author":[{"embeddable":true,"href":"https:\/\/electromotor.md\/ru\/wp-json\/wp\/v2\/users\/4"}],"replies":[{"embeddable":true,"href":"https:\/\/electromotor.md\/ru\/wp-json\/wp\/v2\/comments?post=26549"}],"version-history":[{"count":0,"href":"https:\/\/electromotor.md\/ru\/wp-json\/wp\/v2\/pages\/26549\/revisions"}],"wp:attachment":[{"href":"https:\/\/electromotor.md\/ru\/wp-json\/wp\/v2\/media?parent=26549"}],"curies":[{"name":"wp","href":"https:\/\/api.w.org\/{rel}","templated":true}]}}